{"id":2103,"date":"2018-04-01T10:13:23","date_gmt":"2018-04-01T10:13:23","guid":{"rendered":"http:\/\/marquislandscaping.ca\/nos-services\/"},"modified":"2026-04-02T11:10:44","modified_gmt":"2026-04-02T16:10:44","slug":"our-services","status":"publish","type":"page","link":"https:\/\/marquisseptiques.ca\/en\/our-services\/","title":{"rendered":"Our services"},"content":{"rendered":"<div class=\"wpb-content-wrapper\"><p>[vc_row type=&#8221;vc_default&#8221; css=&#8221;.vc_custom_1498212582492{padding-bottom: 20px !important;}&#8221;][vc_column width=&#8221;1\/2&#8243; css=&#8221;.vc_custom_1498211177630{padding-bottom: 50px !important;}&#8221;][vc_row_inner][vc_column_inner]<style type=\"text\/css\" data-type=\"the7_shortcodes-inline-css\">.shortcode-single-image-wrap.shortcode-single-image-d6eba73b55c14d89336d01f4279730fc.enable-bg-rollover .rollover i,\n.shortcode-single-image-wrap.shortcode-single-image-d6eba73b55c14d89336d01f4279730fc.enable-bg-rollover .rollover-video i {\n  background: -webkit-linear-gradient();\n  background: linear-gradient();\n}\n.shortcode-single-image-wrap.shortcode-single-image-d6eba73b55c14d89336d01f4279730fc .rollover-icon {\n  font-size: 32px;\n  color: #ffffff;\n  min-width: 44px;\n  min-height: 44px;\n  line-height: 44px;\n  border-radius: 100px;\n  border-style: solid;\n  border-width: 0px;\n}\n.dt-icon-bg-on.shortcode-single-image-wrap.shortcode-single-image-d6eba73b55c14d89336d01f4279730fc .rollover-icon {\n  background: rgba(255,255,255,0.3);\n  box-shadow: none;\n}<\/style><div class=\"shortcode-single-image-wrap shortcode-single-image-d6eba73b55c14d89336d01f4279730fc alignnone  vc_custom_1775146223951 enable-bg-rollover dt-icon-bg-off\" ><div class=\"shortcode-single-image\"><div class=\"fancy-media-wrap\" style=\"border-radius:500px;\"><a href=\"\/en\/our-services\/snow-removal-gatineau\/\" class=\" layzr-bg rollover\" style=\"border-radius:500px;\" aria-label=\"Image\"><img decoding=\"async\" class=\"preload-me lazy-load aspect\" src=\"data:image\/svg+xml,%3Csvg%20xmlns%3D&#39;http%3A%2F%2Fwww.w3.org%2F2000%2Fsvg&#39;%20viewBox%3D&#39;0%200%20220%20220&#39;%2F%3E\" data-src=\"https:\/\/marquisseptiques.ca\/wp-content\/uploads\/2018\/04\/Marquis-entretien-paysager-deneigement-banniere-900-220x220.jpg\" data-srcset=\"https:\/\/marquisseptiques.ca\/wp-content\/uploads\/2018\/04\/Marquis-entretien-paysager-deneigement-banniere-900-220x220.jpg 220w, https:\/\/marquisseptiques.ca\/wp-content\/uploads\/2018\/04\/Marquis-entretien-paysager-deneigement-banniere-900-440x440.jpg 440w\" loading=\"eager\" style=\"--ratio: 220 \/ 220\" sizes=\"(max-width: 220px) 100vw, 220px\" width=\"220\" height=\"220\"  data-dt-location=\"https:\/\/marquisseptiques.ca\/en\/tractor-snowblower\/\" alt=\"Service de d\u00e9neigement r\u00e9sidentiel et commercial \u00e0 Gatineau, Hull, Aylmer, Cantley, Chelsea, la grande r\u00e9gion de l&#039;Outaouais et Ottawa\" \/><\/a><\/div><\/div><\/div><span id=\"creative-link-wrap-4072\" class=\"ult_main_cl ult-adjust-bottom-margin  \" >\n\t \t\t\t<span class=\"  ult_crlink\" >\n\t\t\t\t\t<a  data-ultimate-target='#creative-link-wrap-4072 .ult_colorlink'  data-responsive-json-new='{\"font-size\":\"desktop:26px;\",\"line-height\":\"desktop:32px;\"}'  href=\"http:\/\/marquisseptiques.ca\/en\/our-services\/snow-removal\/\"  class=\"ult_colorlink ult-responsive  vc_custom_1524935872966\" style=\"font-family:Open Sans Condensed;font-weight:700; \"  data-textcolor=\"#444444\" data-texthover=\"#ffb536\"data-style=\"\">\n\t\t\t\t\t\t\n\t\t\t\t\t\t<span data-hover=\"Snow removal\" style=\"color:#444444;;;\" class=\"ult_btn10_span   \">Snow removal<\/span>\n\t\t\t\t\t\t\n\t\t\t\t\t<\/a>\n\t\t\t\t<\/span>\n\t\t\t<\/span>[vc_column_text css=&#8221;.vc_custom_1524932745926{margin-top: -40px !important;}&#8221;]<\/p>\n<p style=\"text-align: center;\">Our team takes a proactive approach to snow removal operations in order to optimize efficiency.<\/p>\n<p>[\/vc_column_text][\/vc_column_inner][\/vc_row_inner][\/vc_column][vc_column width=&#8221;1\/2&#8243;][vc_row_inner][vc_column_inner]<style type=\"text\/css\" data-type=\"the7_shortcodes-inline-css\">.shortcode-single-image-wrap.shortcode-single-image-f12a8101c7d99f7e7a57437b08d1cd8a.enable-bg-rollover .rollover i,\n.shortcode-single-image-wrap.shortcode-single-image-f12a8101c7d99f7e7a57437b08d1cd8a.enable-bg-rollover .rollover-video i {\n  background: -webkit-linear-gradient();\n  background: linear-gradient();\n}\n.shortcode-single-image-wrap.shortcode-single-image-f12a8101c7d99f7e7a57437b08d1cd8a .rollover-icon {\n  font-size: 32px;\n  color: #ffffff;\n  min-width: 44px;\n  min-height: 44px;\n  line-height: 44px;\n  border-radius: 100px;\n  border-style: solid;\n  border-width: 0px;\n}\n.dt-icon-bg-on.shortcode-single-image-wrap.shortcode-single-image-f12a8101c7d99f7e7a57437b08d1cd8a .rollover-icon {\n  background: rgba(255,255,255,0.3);\n  box-shadow: none;\n}<\/style><div class=\"shortcode-single-image-wrap shortcode-single-image-f12a8101c7d99f7e7a57437b08d1cd8a alignnone  vc_custom_1775146241165 enable-bg-rollover dt-icon-bg-off\" ><div class=\"shortcode-single-image\"><div class=\"fancy-media-wrap\" style=\"border-radius:500px;\"><a href=\"\/en\/our-services\/septic-installation-gatineau\/\" class=\" layzr-bg rollover\" style=\"border-radius:500px;\" aria-label=\"Image\"><img decoding=\"async\" class=\"preload-me lazy-load aspect\" src=\"data:image\/svg+xml,%3Csvg%20xmlns%3D&#39;http%3A%2F%2Fwww.w3.org%2F2000%2Fsvg&#39;%20viewBox%3D&#39;0%200%20220%20220&#39;%2F%3E\" data-src=\"https:\/\/marquisseptiques.ca\/wp-content\/uploads\/2021\/03\/Marquis-Landscaping-001-1-220x220.jpg\" data-srcset=\"https:\/\/marquisseptiques.ca\/wp-content\/uploads\/2021\/03\/Marquis-Landscaping-001-1-220x220.jpg 220w, https:\/\/marquisseptiques.ca\/wp-content\/uploads\/2021\/03\/Marquis-Landscaping-001-1-440x440.jpg 440w\" loading=\"eager\" style=\"--ratio: 220 \/ 220\" sizes=\"(max-width: 220px) 100vw, 220px\" width=\"220\" height=\"220\"  data-dt-location=\"https:\/\/marquisseptiques.ca\/en\/marquis-landscaping-001-3-2\/\" alt=\"Residential and commercial excavation and septic installation service in Gatineau, Hull, Aylmer, Cantley, Chelsea, the greater Outaouais region and Ottawa\" \/><\/a><\/div><\/div><\/div><span id=\"creative-link-wrap-4301\" class=\"ult_main_cl ult-adjust-bottom-margin  \" >\n\t \t\t\t<span class=\"  ult_crlink\" >\n\t\t\t\t\t<a  data-ultimate-target='#creative-link-wrap-4301 .ult_colorlink'  data-responsive-json-new='{\"font-size\":\"desktop:26px;\",\"line-height\":\"desktop:32px;\"}'  href=\"https:\/\/marquisseptiques.ca\/en\/our-services\/septic-installation\/\" title=\"Septic Installation\"  class=\"ult_colorlink ult-responsive  vc_custom_1617056671155\" style=\"font-family:Open Sans Condensed;font-weight:700; \"  data-textcolor=\"#444444\" data-texthover=\"#ffb536\"data-style=\"\">\n\t\t\t\t\t\t\n\t\t\t\t\t\t<span data-hover=\"Septic Installation\" style=\"color:#444444;;;\" class=\"ult_btn10_span   \">Septic Installation<\/span>\n\t\t\t\t\t\t\n\t\t\t\t\t<\/a>\n\t\t\t\t<\/span>\n\t\t\t<\/span>[vc_column_text css=&#8221;.vc_custom_1617056586248{margin-top: -40px !important;}&#8221;]<\/p>\n<p style=\"text-align: center;\">We offer a 3-year installation warranty on all our septic installations, which is above our competition.<\/p>\n<p>[\/vc_column_text][\/vc_column_inner][\/vc_row_inner][\/vc_column][\/vc_row][vc_row type=&#8221;vc_default&#8221; bg_type=&#8221;bg_color&#8221; bg_override=&#8221;ex-full&#8221; css=&#8221;.vc_custom_1498212491956{padding-top: 60px !important;padding-bottom: 70px !important;}&#8221; bg_color_value=&#8221;#f5f5f5&#8243;][vc_column]<div id=\"ultimate-heading-584869f3c9805157d\" class=\"uvc-heading ult-adjust-bottom-margin ultimate-heading-584869f3c9805157d uvc-9946 color-title accent-title-color\" data-hspacer=\"no_spacer\"  data-halign=\"center\" style=\"text-align:center\"><div class=\"uvc-heading-spacer no_spacer\" style=\"top\"><\/div><div class=\"uvc-main-heading ult-responsive\"  data-ultimate-target='.uvc-heading.ultimate-heading-584869f3c9805157d h2'  data-responsive-json-new='{\"font-size\":\"desktop:40px;tablet_portrait:20px;\",\"line-height\":\"desktop:46px;tablet_portrait:26px;\"}' ><h2 style=\"font-family:&#039;Open Sans Condensed&#039;;font-weight:700;margin-bottom:10px;\">Contact us today to have<\/h2><\/div><div class=\"uvc-sub-heading ult-responsive\"  data-ultimate-target='.uvc-heading.ultimate-heading-584869f3c9805157d .uvc-sub-heading '  data-responsive-json-new='{\"font-size\":\"desktop:70px;tablet_portrait:40px;\",\"line-height\":\"desktop:76px;tablet_portrait:46px;\"}'  style=\"font-family:&#039;Open Sans Condensed&#039;;font-weight:700;\">FREE SUBMISSION<\/div><\/div><style type=\"text\/css\" data-type=\"the7_shortcodes-inline-css\">#default-btn-23f4beff5e38d6da801d72ecf72509c0.ico-right-side > i {\n  margin-right: 0px;\n  margin-left: 8px;\n}\n#default-btn-23f4beff5e38d6da801d72ecf72509c0 > i {\n  margin-right: 8px;\n}<\/style><div class=\"btn-align-center\"><a href=\"\/corporate\/contact\" class=\"default-btn-shortcode dt-btn dt-btn-l link-hover-off  vc_custom_1524932835294\" id=\"default-btn-23f4beff5e38d6da801d72ecf72509c0\" style=\"width:400px;\"><span>BOOK YOUR CONSULTATION<\/span><\/a><\/div>[\/vc_column][\/vc_row]<\/p>\n<\/div>","protected":false},"excerpt":{"rendered":"<p>[vc_row type=&#8221;vc_default&#8221; css=&#8221;.vc_custom_1498212582492{padding-bottom: 20px !important;}&#8221;][vc_column width=&#8221;1\/2&#8243; css=&#8221;.vc_custom_1498211177630{padding-bottom: 50px !important;}&#8221;][vc_row_inner][vc_column_inner][vc_column_text css=&#8221;.vc_custom_1524932745926{margin-top: -40px !important;}&#8221;] Our team takes a proactive approach to snow removal operations in order to optimize efficiency. [\/vc_column_text][\/vc_column_inner][\/vc_row_inner][\/vc_column][vc_column width=&#8221;1\/2&#8243;][vc_row_inner][vc_column_inner][vc_column_text css=&#8221;.vc_custom_1617056586248{margin-top: -40px !important;}&#8221;] We offer a 3-year installation warranty on all our septic installations, which is above our competition. [\/vc_column_text][\/vc_column_inner][\/vc_row_inner][\/vc_column][\/vc_row][vc_row type=&#8221;vc_default&#8221; bg_type=&#8221;bg_color&#8221; bg_override=&#8221;ex-full&#8221; css=&#8221;.vc_custom_1498212491956{padding-top: 60px !important;padding-bottom:&hellip;<\/p>\n","protected":false},"author":1,"featured_media":2776,"parent":0,"menu_order":300,"comment_status":"closed","ping_status":"closed","template":"","meta":{"footnotes":""},"class_list":["post-2103","page","type-page","status-publish","has-post-thumbnail","hentry","description-off"],"yoast_head":"<!-- This site is optimized with the Yoast SEO plugin v27.3 - https:\/\/yoast.com\/product\/yoast-seo-wordpress\/ -->\n<title>Our services | Marquis Syst\u00e8mes Septiques<\/title>\n<meta name=\"robots\" content=\"noindex, nofollow\" \/>\n<meta property=\"og:locale\" content=\"en_US\" \/>\n<meta property=\"og:type\" content=\"article\" \/>\n<meta property=\"og:title\" content=\"Our services | Marquis Syst\u00e8mes Septiques\" \/>\n<meta property=\"og:description\" content=\"[vc_row type=&#8221;vc_default&#8221; css=&#8221;.vc_custom_1498212582492{padding-bottom: 20px !important;}&#8221;][vc_column width=&#8221;1\/2&#8243; css=&#8221;.vc_custom_1498211177630{padding-bottom: 50px !important;}&#8221;][vc_row_inner][vc_column_inner][vc_column_text css=&#8221;.vc_custom_1524932745926{margin-top: -40px !important;}&#8221;] Our team takes a proactive approach to snow removal operations in order to optimize efficiency. [\/vc_column_text][\/vc_column_inner][\/vc_row_inner][\/vc_column][vc_column width=&#8221;1\/2&#8243;][vc_row_inner][vc_column_inner][vc_column_text css=&#8221;.vc_custom_1617056586248{margin-top: -40px !important;}&#8221;] We offer a 3-year installation warranty on all our septic installations, which is above our competition. [\/vc_column_text][\/vc_column_inner][\/vc_row_inner][\/vc_column][\/vc_row][vc_row type=&#8221;vc_default&#8221; bg_type=&#8221;bg_color&#8221; bg_override=&#8221;ex-full&#8221; css=&#8221;.vc_custom_1498212491956{padding-top: 60px !important;padding-bottom:&hellip;\" \/>\n<meta property=\"og:url\" content=\"https:\/\/marquisseptiques.ca\/en\/our-services\/\" \/>\n<meta property=\"og:site_name\" content=\"Marquis Syst\u00e8mes Septiques\" \/>\n<meta property=\"article:publisher\" content=\"https:\/\/www.facebook.com\/Marquis-Landscaping-239603433661987\/\" \/>\n<meta property=\"article:modified_time\" content=\"2026-04-02T16:10:44+00:00\" \/>\n<meta property=\"og:image\" content=\"https:\/\/marquisseptiques.ca\/wp-content\/uploads\/2021\/08\/Marquis-Landscaping-Excavation-Septique-Deneigement.jpg\" \/>\n\t<meta property=\"og:image:width\" content=\"1200\" \/>\n\t<meta property=\"og:image:height\" content=\"630\" \/>\n\t<meta property=\"og:image:type\" content=\"image\/jpeg\" \/>\n<meta name=\"twitter:card\" content=\"summary_large_image\" \/>\n<meta name=\"twitter:label1\" content=\"Est. reading time\" \/>\n\t<meta name=\"twitter:data1\" content=\"2 minutes\" \/>\n<script type=\"application\/ld+json\" class=\"yoast-schema-graph\">{\"@context\":\"https:\\\/\\\/schema.org\",\"@graph\":[{\"@type\":\"WebPage\",\"@id\":\"https:\\\/\\\/marquisseptiques.ca\\\/en\\\/our-services\\\/\",\"url\":\"https:\\\/\\\/marquisseptiques.ca\\\/en\\\/our-services\\\/\",\"name\":\"Our services | Marquis Syst\u00e8mes Septiques\",\"isPartOf\":{\"@id\":\"https:\\\/\\\/marquisseptiques.ca\\\/en\\\/#website\"},\"primaryImageOfPage\":{\"@id\":\"https:\\\/\\\/marquisseptiques.ca\\\/en\\\/our-services\\\/#primaryimage\"},\"image\":{\"@id\":\"https:\\\/\\\/marquisseptiques.ca\\\/en\\\/our-services\\\/#primaryimage\"},\"thumbnailUrl\":\"https:\\\/\\\/marquisseptiques.ca\\\/wp-content\\\/uploads\\\/2026\\\/04\\\/Marquis-Septiques.jpg\",\"datePublished\":\"2018-04-01T10:13:23+00:00\",\"dateModified\":\"2026-04-02T16:10:44+00:00\",\"breadcrumb\":{\"@id\":\"https:\\\/\\\/marquisseptiques.ca\\\/en\\\/our-services\\\/#breadcrumb\"},\"inLanguage\":\"en-US\",\"potentialAction\":[{\"@type\":\"ReadAction\",\"target\":[\"https:\\\/\\\/marquisseptiques.ca\\\/en\\\/our-services\\\/\"]}]},{\"@type\":\"ImageObject\",\"inLanguage\":\"en-US\",\"@id\":\"https:\\\/\\\/marquisseptiques.ca\\\/en\\\/our-services\\\/#primaryimage\",\"url\":\"https:\\\/\\\/marquisseptiques.ca\\\/wp-content\\\/uploads\\\/2026\\\/04\\\/Marquis-Septiques.jpg\",\"contentUrl\":\"https:\\\/\\\/marquisseptiques.ca\\\/wp-content\\\/uploads\\\/2026\\\/04\\\/Marquis-Septiques.jpg\",\"width\":1200,\"height\":630},{\"@type\":\"BreadcrumbList\",\"@id\":\"https:\\\/\\\/marquisseptiques.ca\\\/en\\\/our-services\\\/#breadcrumb\",\"itemListElement\":[{\"@type\":\"ListItem\",\"position\":1,\"name\":\"Accueil\",\"item\":\"https:\\\/\\\/marquisseptiques.ca\\\/en\\\/\"},{\"@type\":\"ListItem\",\"position\":2,\"name\":\"Our services\"}]},{\"@type\":\"WebSite\",\"@id\":\"https:\\\/\\\/marquisseptiques.ca\\\/en\\\/#website\",\"url\":\"https:\\\/\\\/marquisseptiques.ca\\\/en\\\/\",\"name\":\"Marquis Syst\u00e8mes Septiques\",\"description\":\"Marquis est une entreprise de d\u00e9neigement , d&#039;excavation et d&#039;installation septique desservant Gatineau, l\u2019Outaouais et Ottawa.\",\"publisher\":{\"@id\":\"https:\\\/\\\/marquisseptiques.ca\\\/en\\\/#organization\"},\"potentialAction\":[{\"@type\":\"SearchAction\",\"target\":{\"@type\":\"EntryPoint\",\"urlTemplate\":\"https:\\\/\\\/marquisseptiques.ca\\\/en\\\/?s={search_term_string}\"},\"query-input\":{\"@type\":\"PropertyValueSpecification\",\"valueRequired\":true,\"valueName\":\"search_term_string\"}}],\"inLanguage\":\"en-US\"},{\"@type\":\"Organization\",\"@id\":\"https:\\\/\\\/marquisseptiques.ca\\\/en\\\/#organization\",\"name\":\"Marquis Entretien Paysager Inc\",\"url\":\"https:\\\/\\\/marquisseptiques.ca\\\/en\\\/\",\"logo\":{\"@type\":\"ImageObject\",\"inLanguage\":\"en-US\",\"@id\":\"https:\\\/\\\/marquisseptiques.ca\\\/en\\\/#\\\/schema\\\/logo\\\/image\\\/\",\"url\":\"https:\\\/\\\/marquislandscaping.ca\\\/wp-content\\\/uploads\\\/2021\\\/03\\\/01-logo-marquis-noir-orange-244X120.png\",\"contentUrl\":\"https:\\\/\\\/marquislandscaping.ca\\\/wp-content\\\/uploads\\\/2021\\\/03\\\/01-logo-marquis-noir-orange-244X120.png\",\"width\":244,\"height\":120,\"caption\":\"Marquis Entretien Paysager Inc\"},\"image\":{\"@id\":\"https:\\\/\\\/marquisseptiques.ca\\\/en\\\/#\\\/schema\\\/logo\\\/image\\\/\"},\"sameAs\":[\"https:\\\/\\\/www.facebook.com\\\/Marquis-Landscaping-239603433661987\\\/\"]}]}<\/script>\n<!-- \/ Yoast SEO plugin. -->","yoast_head_json":{"title":"Our services | Marquis Syst\u00e8mes Septiques","robots":{"index":"noindex","follow":"nofollow"},"og_locale":"en_US","og_type":"article","og_title":"Our services | Marquis Syst\u00e8mes Septiques","og_description":"[vc_row type=&#8221;vc_default&#8221; css=&#8221;.vc_custom_1498212582492{padding-bottom: 20px !important;}&#8221;][vc_column width=&#8221;1\/2&#8243; css=&#8221;.vc_custom_1498211177630{padding-bottom: 50px !important;}&#8221;][vc_row_inner][vc_column_inner][vc_column_text css=&#8221;.vc_custom_1524932745926{margin-top: -40px !important;}&#8221;] Our team takes a proactive approach to snow removal operations in order to optimize efficiency. [\/vc_column_text][\/vc_column_inner][\/vc_row_inner][\/vc_column][vc_column width=&#8221;1\/2&#8243;][vc_row_inner][vc_column_inner][vc_column_text css=&#8221;.vc_custom_1617056586248{margin-top: -40px !important;}&#8221;] We offer a 3-year installation warranty on all our septic installations, which is above our competition. [\/vc_column_text][\/vc_column_inner][\/vc_row_inner][\/vc_column][\/vc_row][vc_row type=&#8221;vc_default&#8221; bg_type=&#8221;bg_color&#8221; bg_override=&#8221;ex-full&#8221; css=&#8221;.vc_custom_1498212491956{padding-top: 60px !important;padding-bottom:&hellip;","og_url":"https:\/\/marquisseptiques.ca\/en\/our-services\/","og_site_name":"Marquis Syst\u00e8mes Septiques","article_publisher":"https:\/\/www.facebook.com\/Marquis-Landscaping-239603433661987\/","article_modified_time":"2026-04-02T16:10:44+00:00","og_image":[{"width":1200,"height":630,"url":"https:\/\/marquisseptiques.ca\/wp-content\/uploads\/2021\/08\/Marquis-Landscaping-Excavation-Septique-Deneigement.jpg","type":"image\/jpeg"}],"twitter_card":"summary_large_image","twitter_misc":{"Est. reading time":"2 minutes"},"schema":{"@context":"https:\/\/schema.org","@graph":[{"@type":"WebPage","@id":"https:\/\/marquisseptiques.ca\/en\/our-services\/","url":"https:\/\/marquisseptiques.ca\/en\/our-services\/","name":"Our services | Marquis Syst\u00e8mes Septiques","isPartOf":{"@id":"https:\/\/marquisseptiques.ca\/en\/#website"},"primaryImageOfPage":{"@id":"https:\/\/marquisseptiques.ca\/en\/our-services\/#primaryimage"},"image":{"@id":"https:\/\/marquisseptiques.ca\/en\/our-services\/#primaryimage"},"thumbnailUrl":"https:\/\/marquisseptiques.ca\/wp-content\/uploads\/2026\/04\/Marquis-Septiques.jpg","datePublished":"2018-04-01T10:13:23+00:00","dateModified":"2026-04-02T16:10:44+00:00","breadcrumb":{"@id":"https:\/\/marquisseptiques.ca\/en\/our-services\/#breadcrumb"},"inLanguage":"en-US","potentialAction":[{"@type":"ReadAction","target":["https:\/\/marquisseptiques.ca\/en\/our-services\/"]}]},{"@type":"ImageObject","inLanguage":"en-US","@id":"https:\/\/marquisseptiques.ca\/en\/our-services\/#primaryimage","url":"https:\/\/marquisseptiques.ca\/wp-content\/uploads\/2026\/04\/Marquis-Septiques.jpg","contentUrl":"https:\/\/marquisseptiques.ca\/wp-content\/uploads\/2026\/04\/Marquis-Septiques.jpg","width":1200,"height":630},{"@type":"BreadcrumbList","@id":"https:\/\/marquisseptiques.ca\/en\/our-services\/#breadcrumb","itemListElement":[{"@type":"ListItem","position":1,"name":"Accueil","item":"https:\/\/marquisseptiques.ca\/en\/"},{"@type":"ListItem","position":2,"name":"Our services"}]},{"@type":"WebSite","@id":"https:\/\/marquisseptiques.ca\/en\/#website","url":"https:\/\/marquisseptiques.ca\/en\/","name":"Marquis Syst\u00e8mes Septiques","description":"Marquis est une entreprise de d\u00e9neigement , d&#039;excavation et d&#039;installation septique desservant Gatineau, l\u2019Outaouais et Ottawa.","publisher":{"@id":"https:\/\/marquisseptiques.ca\/en\/#organization"},"potentialAction":[{"@type":"SearchAction","target":{"@type":"EntryPoint","urlTemplate":"https:\/\/marquisseptiques.ca\/en\/?s={search_term_string}"},"query-input":{"@type":"PropertyValueSpecification","valueRequired":true,"valueName":"search_term_string"}}],"inLanguage":"en-US"},{"@type":"Organization","@id":"https:\/\/marquisseptiques.ca\/en\/#organization","name":"Marquis Entretien Paysager Inc","url":"https:\/\/marquisseptiques.ca\/en\/","logo":{"@type":"ImageObject","inLanguage":"en-US","@id":"https:\/\/marquisseptiques.ca\/en\/#\/schema\/logo\/image\/","url":"https:\/\/marquislandscaping.ca\/wp-content\/uploads\/2021\/03\/01-logo-marquis-noir-orange-244X120.png","contentUrl":"https:\/\/marquislandscaping.ca\/wp-content\/uploads\/2021\/03\/01-logo-marquis-noir-orange-244X120.png","width":244,"height":120,"caption":"Marquis Entretien Paysager Inc"},"image":{"@id":"https:\/\/marquisseptiques.ca\/en\/#\/schema\/logo\/image\/"},"sameAs":["https:\/\/www.facebook.com\/Marquis-Landscaping-239603433661987\/"]}]}},"_links":{"self":[{"href":"https:\/\/marquisseptiques.ca\/en\/wp-json\/wp\/v2\/pages\/2103","targetHints":{"allow":["GET"]}}],"collection":[{"href":"https:\/\/marquisseptiques.ca\/en\/wp-json\/wp\/v2\/pages"}],"about":[{"href":"https:\/\/marquisseptiques.ca\/en\/wp-json\/wp\/v2\/types\/page"}],"author":[{"embeddable":true,"href":"https:\/\/marquisseptiques.ca\/en\/wp-json\/wp\/v2\/users\/1"}],"replies":[{"embeddable":true,"href":"https:\/\/marquisseptiques.ca\/en\/wp-json\/wp\/v2\/comments?post=2103"}],"version-history":[{"count":17,"href":"https:\/\/marquisseptiques.ca\/en\/wp-json\/wp\/v2\/pages\/2103\/revisions"}],"predecessor-version":[{"id":2771,"href":"https:\/\/marquisseptiques.ca\/en\/wp-json\/wp\/v2\/pages\/2103\/revisions\/2771"}],"wp:featuredmedia":[{"embeddable":true,"href":"https:\/\/marquisseptiques.ca\/en\/wp-json\/wp\/v2\/media\/2776"}],"wp:attachment":[{"href":"https:\/\/marquisseptiques.ca\/en\/wp-json\/wp\/v2\/media?parent=2103"}],"curies":[{"name":"wp","href":"https:\/\/api.w.org\/{rel}","templated":true}]}}